{"id":9,"date":"2022-09-15T20:47:39","date_gmt":"2022-09-15T20:47:39","guid":{"rendered":"https:\/\/qpconsultores.com\/web\/?page_id=9"},"modified":"2022-09-27T01:03:47","modified_gmt":"2022-09-27T01:03:47","slug":"inicio","status":"publish","type":"page","link":"https:\/\/qpconsultores.com\/web\/","title":{"rendered":"Inicio"},"content":{"rendered":"<p>[et_pb_section fb_built=\u00bb1&#8243; fullwidth=\u00bbon\u00bb _builder_version=\u00bb4.18.0&#8243; _module_preset=\u00bbdefault\u00bb bottom_divider_style=\u00bbcurve\u00bb bottom_divider_color=\u00bb#f8c301&#8243; bottom_divider_height=\u00bb22px\u00bb global_colors_info=\u00bb{}\u00bb][et_pb_fullwidth_slider _builder_version=\u00bb4.18.0&#8243; _module_preset=\u00bbdefault\u00bb auto=\u00bbon\u00bb global_colors_info=\u00bb{}\u00bb][et_pb_slide heading=\u00bbINTELIGENCIA DE NEGOCIO (BI)\u00bb button_text=\u00bbSaber m\u00e1s\u00bb use_bg_overlay=\u00bbon\u00bb _builder_version=\u00bb4.18.0&#8243; _module_preset=\u00bbdefault\u00bb body_font_size=\u00bb20px\u00bb background_image=\u00bbhttps:\/\/qpconsultores.com\/web\/wp-content\/uploads\/2022\/09\/BI-QP-Consultores.jpg\u00bb background_enable_image=\u00bbon\u00bb global_colors_info=\u00bb{}\u00bb sticky_transition=\u00bbon\u00bb]<\/p>\n<p><span>Con\u00a0<\/span><strong>Inteligencia de negocios (BI)\u00a0<\/strong><span>cree modelos de datos accediendo a diferentes fuentes (Vistas de HANA, BW on HANA, Archivos) y elabore historias intuitivas que le permitan llegar a la ra\u00edz de los acontecimientos y compartirlo con sus colegas.<\/span><\/p>\n<p>[\/et_pb_slide][et_pb_slide heading=\u00bbSAP ANALYTICS\u00bb button_text=\u00bbVer m\u00e1s\u00bb use_bg_overlay=\u00bbon\u00bb bg_overlay_color=\u00bbrgba(0,0,0,0.75)\u00bb _builder_version=\u00bb4.18.0&#8243; _module_preset=\u00bbdefault\u00bb body_font_size=\u00bb20px\u00bb background_enable_color=\u00bboff\u00bb background_video_mp4=\u00bbhttps:\/\/qpconsultores.com\/web\/wp-content\/uploads\/2022\/09\/pexels-rodnae-productions-7947460.mp4&#8243; background_enable_video_mp4=\u00bbon\u00bb global_colors_info=\u00bb{}\u00bb sticky_transition=\u00bbon\u00bb]<\/p>\n<p><span>Optimice sus soluciones anal\u00edticas mejorando los procesos de toma de decisiones, obteniendo una mayor visibilidad y mejor comprensi\u00f3n del negocio en tiempo real.<\/span><\/p>\n<p>[\/et_pb_slide][et_pb_slide heading=\u00bbBUSINESS PLANNING AND CONSOLIDATION SERVICES\u00bb button_text=\u00bbVer m\u00e1s\u00bb use_bg_overlay=\u00bbon\u00bb _builder_version=\u00bb4.18.0&#8243; _module_preset=\u00bbdefault\u00bb body_font_size=\u00bb20px\u00bb background_image=\u00bbhttps:\/\/qpconsultores.com\/web\/wp-content\/uploads\/2022\/09\/BPC-QP-Consultores.jpg\u00bb background_enable_image=\u00bbon\u00bb global_colors_info=\u00bb{}\u00bb sticky_transition=\u00bbon\u00bb]<\/p>\n<p><span>Nuestra experiencia y metodolog\u00eda probada lo ayudan a utilizar todo el potencial de SAP BPC para mejorar sus procesos actuales.<\/span><\/p>\n<p>[\/et_pb_slide][et_pb_slide heading=\u00bbDATABASE AND TECHNOLOGY SERVICES\u00bb button_text=\u00bbSaber m\u00e1s\u00bb use_bg_overlay=\u00bbon\u00bb _builder_version=\u00bb4.18.0&#8243; _module_preset=\u00bbdefault\u00bb body_font_size=\u00bb20px\u00bb background_image=\u00bbhttps:\/\/qpconsultores.com\/web\/wp-content\/uploads\/2022\/09\/financial-advisor-39.jpg\u00bb background_enable_image=\u00bbon\u00bb background_enable_video_mp4=\u00bboff\u00bb global_colors_info=\u00bb{}\u00bb sticky_transition=\u00bbon\u00bb]<\/p>\n<p><span>Nuestro centro de operaciones opera bajo las mejores pr\u00e1cticas y metodolog\u00edas del mercado ofreciendo un servicio de calidad, apoy\u00e1ndolo en todo el ciclo de mantenimiento y proyectos tecnol\u00f3gicos.<\/span><\/p>\n<p>[\/et_pb_slide][\/et_pb_fullwidth_slider][\/et_pb_section][et_pb_section fb_built=\u00bb1&#8243; _builder_version=\u00bb4.18.0&#8243; _module_preset=\u00bbdefault\u00bb global_colors_info=\u00bb{}\u00bb][et_pb_row column_structure=\u00bb1_3,1_3,1_3&#8243; use_custom_gutter=\u00bbon\u00bb gutter_width=\u00bb2&#8243; make_equal=\u00bbon\u00bb _builder_version=\u00bb4.18.0&#8243; _module_preset=\u00bbdefault\u00bb width=\u00bb100%\u00bb max_width=\u00bb1443px\u00bb module_alignment=\u00bbcenter\u00bb global_colors_info=\u00bb{}\u00bb][et_pb_column type=\u00bb1_3&#8243; _builder_version=\u00bb4.18.0&#8243; _module_preset=\u00bbdefault\u00bb global_colors_info=\u00bb{}\u00bb][et_pb_blurb title=\u00bbS\/4HANA READINESS ASSESSMENT\u00bb image=\u00bbhttps:\/\/qpconsultores.com\/web\/wp-content\/uploads\/2022\/09\/s4hanna.jpg\u00bb _builder_version=\u00bb4.18.0&#8243; _module_preset=\u00bbdefault\u00bb header_text_color=\u00bb#396c89&#8243; border_radii=\u00bboff|25px|25px||\u00bb global_colors_info=\u00bb{}\u00bb]<\/p>\n<p><span>AP\u00a0<\/span><strong>S\/4HANA<span>\u00a0<\/span><\/strong><span>permite el procesamiento anal\u00edtico y transaccional en tiempo real, bajo un \u00fanico modelo de datos, sin la necesidad de datos redundantes.<\/span><\/p>\n<p>[\/et_pb_blurb][\/et_pb_column][et_pb_column type=\u00bb1_3&#8243; _builder_version=\u00bb4.18.0&#8243; _module_preset=\u00bbdefault\u00bb global_colors_info=\u00bb{}\u00bb][et_pb_blurb title=\u00bbDATABASE AND TECHNOLOGY SERVICES\u00bb image=\u00bbhttps:\/\/qpconsultores.com\/web\/wp-content\/uploads\/2022\/09\/SAP-Y-SAP-HANA..jpg\u00bb _builder_version=\u00bb4.18.0&#8243; _module_preset=\u00bbdefault\u00bb header_text_color=\u00bb#396c89&#8243; border_radii=\u00bboff|25px|25px||\u00bb global_colors_info=\u00bb{}\u00bb]<\/p>\n<p><span>Servicios de Soporte T\u00e9cnico Remoto y On-Site. Integrado por Arquitectos, Consultores BASIS y Desarrolladores, especializados y certificados en las diferentes soluciones SAP Y SAP HANA.<\/span><\/p>\n<p>[\/et_pb_blurb][\/et_pb_column][et_pb_column type=\u00bb1_3&#8243; _builder_version=\u00bb4.18.0&#8243; _module_preset=\u00bbdefault\u00bb global_colors_info=\u00bb{}\u00bb][et_pb_blurb title=\u00bbSAP ANALYTICS SERVICES<br \/>\nADVANCE ANALYTICS\u00bb image=\u00bbhttps:\/\/qpconsultores.com\/web\/wp-content\/uploads\/2022\/09\/Analityc-QP.jpg\u00bb _builder_version=\u00bb4.18.0&#8243; _module_preset=\u00bbdefault\u00bb header_text_color=\u00bb#396c89&#8243; border_radii=\u00bboff|25px|25px||\u00bb global_colors_info=\u00bb{}\u00bb]<\/p>\n<p><span>La divisi\u00f3n\u00a0<\/span><strong>Analytics Services<span>\u00a0<\/span><\/strong><span>esta conformada por especialistas certificados en las ultimas tecnolog\u00edas, que podr\u00e1n ayudarlo en obtener soluciones anal\u00edticas que mejoren el proceso de toma de decisi\u00f3n convirtiendo los datos en un valor para el negocio.<\/span><\/p>\n<p>[\/et_pb_blurb][\/et_pb_column][\/et_pb_row][et_pb_row column_structure=\u00bb1_3,1_3,1_3&#8243; use_custom_gutter=\u00bbon\u00bb gutter_width=\u00bb2&#8243; make_equal=\u00bbon\u00bb _builder_version=\u00bb4.18.0&#8243; _module_preset=\u00bbdefault\u00bb width=\u00bb100%\u00bb max_width=\u00bb1443px\u00bb module_alignment=\u00bbcenter\u00bb global_colors_info=\u00bb{}\u00bb][et_pb_column type=\u00bb1_3&#8243; _builder_version=\u00bb4.18.0&#8243; _module_preset=\u00bbdefault\u00bb global_colors_info=\u00bb{}\u00bb][et_pb_blurb title=\u00bbSTRATEGIC CONSULTING SERVICES\u00bb image=\u00bbhttps:\/\/qpconsultores.com\/web\/wp-content\/uploads\/2022\/09\/servicios-inteligentes.jpg\u00bb _builder_version=\u00bb4.18.0&#8243; _module_preset=\u00bbdefault\u00bb header_text_color=\u00bb#396c89&#8243; border_radii=\u00bboff|25px|25px||\u00bb global_colors_info=\u00bb{}\u00bb]<\/p>\n<p><span>Obtenga el asesoramiento que necesita para planificar la transformaci\u00f3n digital de la arquitectura de sus procesos empresariales, con herramientas y servicios inteligentes<\/span><\/p>\n<p>[\/et_pb_blurb][\/et_pb_column][et_pb_column type=\u00bb1_3&#8243; _builder_version=\u00bb4.18.0&#8243; _module_preset=\u00bbdefault\u00bb global_colors_info=\u00bb{}\u00bb][et_pb_blurb title=\u00bbSAP AMS &#038; SOFTWARE FACTORY\u00bb image=\u00bbhttps:\/\/qpconsultores.com\/web\/wp-content\/uploads\/2022\/09\/Software.jpg\u00bb _builder_version=\u00bb4.18.0&#8243; _module_preset=\u00bbdefault\u00bb header_text_color=\u00bb#396c89&#8243; border_radii=\u00bboff|25px|25px||\u00bb global_colors_info=\u00bb{}\u00bb]<\/p>\n<p><span>La calidad de los Servicios est\u00e1 garantizada por un Acuerdo de Nivel de Servicios (SLA). Los indicadores de calidad pueden ser monitoreados y junto a reportes mensuales permiten que el Cliente eval\u00fae el desempe\u00f1o de SW.AP Software Factory.<\/span><\/p>\n<p>[\/et_pb_blurb][\/et_pb_column][et_pb_column type=\u00bb1_3&#8243; _builder_version=\u00bb4.18.0&#8243; _module_preset=\u00bbdefault\u00bb global_colors_info=\u00bb{}\u00bb][et_pb_blurb title=\u00bbSAP DIGITAL TRANSFORMATION SERVICES\u00bb image=\u00bbhttps:\/\/qpconsultores.com\/web\/wp-content\/uploads\/2022\/09\/Services-SAP.jpg\u00bb _builder_version=\u00bb4.18.0&#8243; _module_preset=\u00bbdefault\u00bb header_text_color=\u00bb#396c89&#8243; border_radii=\u00bboff|25px|25px||\u00bb global_colors_info=\u00bb{}\u00bb]<\/p>\n<p>SWAP CONSULTING provee servicios con un equipo de consultores certificados y actualizados en las \u00faltimas tecnolog\u00edas que podr\u00e1n ayudarlo.<\/p>\n<p>[\/et_pb_blurb][\/et_pb_column][\/et_pb_row][\/et_pb_section]<\/p>\n","protected":false},"excerpt":{"rendered":"<p>Con\u00a0Inteligencia de negocios (BI)\u00a0cree modelos de datos accediendo a diferentes fuentes (Vistas de HANA, BW on HANA, Archivos) y elabore historias intuitivas que le permitan llegar a la ra\u00edz de los acontecimientos y compartirlo con sus colegas.Optimice sus soluciones anal\u00edticas mejorando los procesos de toma de decisiones, obteniendo una mayor visibilidad y mejor comprensi\u00f3n del [&hellip;]<\/p>\n","protected":false},"author":1,"featured_media":0,"parent":0,"menu_order":0,"comment_status":"closed","ping_status":"closed","template":"","meta":{"_et_pb_use_builder":"on","_et_pb_old_content":"<!-- wp:divi\/placeholder \/-->","_et_gb_content_width":"","footnotes":""},"class_list":["post-9","page","type-page","status-publish","hentry"],"_links":{"self":[{"href":"https:\/\/qpconsultores.com\/web\/wp-json\/wp\/v2\/pages\/9","targetHints":{"allow":["GET"]}}],"collection":[{"href":"https:\/\/qpconsultores.com\/web\/wp-json\/wp\/v2\/pages"}],"about":[{"href":"https:\/\/qpconsultores.com\/web\/wp-json\/wp\/v2\/types\/page"}],"author":[{"embeddable":true,"href":"https:\/\/qpconsultores.com\/web\/wp-json\/wp\/v2\/users\/1"}],"replies":[{"embeddable":true,"href":"https:\/\/qpconsultores.com\/web\/wp-json\/wp\/v2\/comments?post=9"}],"version-history":[{"count":28,"href":"https:\/\/qpconsultores.com\/web\/wp-json\/wp\/v2\/pages\/9\/revisions"}],"predecessor-version":[{"id":165,"href":"https:\/\/qpconsultores.com\/web\/wp-json\/wp\/v2\/pages\/9\/revisions\/165"}],"wp:attachment":[{"href":"https:\/\/qpconsultores.com\/web\/wp-json\/wp\/v2\/media?parent=9"}],"curies":[{"name":"wp","href":"https:\/\/api.w.org\/{rel}","templated":true}]}}